{"id":9522,"date":"2020-09-29T13:38:52","date_gmt":"2020-09-29T11:38:52","guid":{"rendered":"https:\/\/grupo-pages.com\/?page_id=9522"},"modified":"2022-08-11T16:08:41","modified_gmt":"2022-08-11T14:08:41","slug":"aviso-legal","status":"publish","type":"page","link":"https:\/\/grupo-pages.com\/en\/aviso-legal\/","title":{"rendered":"Aviso Legal"},"content":{"rendered":"\t\t<div data-elementor-type=\"wp-page\" data-elementor-id=\"9522\" class=\"elementor elementor-9522\" data-elementor-post-type=\"page\">\n\t\t\t\t\t\t<section class=\"elementor-section elementor-top-section elementor-element elementor-element-3ddbfbb8 elementor-section-boxed elementor-section-height-default elementor-section-height-default\" data-id=\"3ddbfbb8\" data-element_type=\"section\" data-e-type=\"section\" data-settings=\"{&quot;jet_parallax_layout_list&quot;:[]}\">\n\t\t\t\t\t\t<div class=\"elementor-container elementor-column-gap-default\">\n\t\t\t\t\t<div class=\"elementor-column elementor-col-100 elementor-top-column elementor-element elementor-element-bde1d58\" data-id=\"bde1d58\" data-element_type=\"column\" data-e-type=\"column\">\n\t\t\t<div class=\"elementor-widget-wrap elementor-element-populated\">\n\t\t\t\t\t\t<div class=\"elementor-element elementor-element-bd63e62 elementor-widget elementor-widget-heading\" data-id=\"bd63e62\" data-element_type=\"widget\" data-e-type=\"widget\" data-widget_type=\"heading.default\">\n\t\t\t\t<div class=\"elementor-widget-container\">\n\t\t\t\t\t<h2 class=\"elementor-heading-title elementor-size-default\">Aviso Legal<\/h2>\t\t\t\t<\/div>\n\t\t\t\t<\/div>\n\t\t\t\t<div class=\"elementor-element elementor-element-7bb3ed2b elementor-widget elementor-widget-text-editor\" data-id=\"7bb3ed2b\" data-element_type=\"widget\" data-e-type=\"widget\" data-widget_type=\"text-editor.default\">\n\t\t\t\t<div class=\"elementor-widget-container\">\n\t\t\t\t\t\t\t\t\t\n<p>Mi bienvenida a este espacio web, aqu\u00ed podr\u00e1 encontrar toda la informaci\u00f3n relacionada con los t\u00e9rminos y condiciones legales que definen las relaciones entre los usuarios y la responsable de la web. Como usuario, es importante que conozca estos t\u00e9rminos antes de continuar con la navegaci\u00f3n.<\/p>\n\n\n\n<p>-Identidad de la Responsable: Pag\u00e8s Edificaci\u00f3 i Obra P\u00fablica, S.L (GRUPO PAG\u00c8S BCN)<br>.-CIF: B67280305.<br>-Direcci\u00f3n: Calle \u00c0ngel Guimer\u00e0 n\u00ba 59, bjos, 08859, Begues, Barcelona<br>-Tel\u00e9fono: 93 639 02 29.<br>-Correo electr\u00f3nico:&nbsp;<a href=\"mailto:info@grupo-pages.com\">info@grupo-pages.com<\/a>.<br>-Actividad: Arquitectura, obras, reformas integrales.<\/p>\n\n\n\n<p>GRUPO PAG\u00c8S BCN, como responsable de la web, se compromete a tratar la informaci\u00f3n de los usuarios y clientes con total garant\u00eda y cumplir con los requisitos nacionales y europeos que regulan la recopilaci\u00f3n y uso de los datos de car\u00e1cter personal de los usuarios.<br>La presente web, cumple con el Reglamento (UE) 2016\/679 del Parlamento Europeo y del Consejo de 27 de abril de 2016 relativo a la protecci\u00f3n de las personas f\u00edsicas (RGPD), as\u00ed como con la Ley 34\/2002, de 11 de julio, de Servicios de la Sociedad de la Informaci\u00f3n y Comercio Electr\u00f3nico (LSSICE \u00f3 LSSI).<\/p>\n\n\n\n<p><strong>CONDICIONES GENERALES DE USO<br><\/strong>Las presentes condiciones generales regulan el uso de la web, incluidos los contenidos, productos y servicios puestos a disposici\u00f3n en la misma. Toda persona que acceda a la web, www.grupo-pages.com, acepta someterse a las Condiciones Generales vigentes en cada momento en el portal.<\/p>\n\n\n\n<p><strong>DATOS DE CAR\u00c1CTER PERSONAL<br><\/strong><a href=\"https:\/\/grupo-pages.com\/proteccion-de-datos\/\" target=\"_blank\" rel=\"noreferrer noopener\">Leer Pol\u00edtica de Privacidad<\/a><\/p>\n\n\n\n<p><strong>OBLIGACIONES DE LOS USUARIOS<\/strong><br>El usuario queda informado, y acepta, que el acceso a la presente web no supone, en modo alguno, el inicio de una relaci\u00f3n comercial y\/o contractual con la responsable. De esta forma, el usuario se compromete a utilizar el sitio web, sus servicios y contenidos sin contravenir la legislaci\u00f3n vigente, la buena fe y el orden p\u00fablico.<br>Queda prohibido el uso de la web, con fines il\u00edcitos o lesivos, o que, de cualquier forma, puedan causar perjuicio o impedir el normal funcionamiento del sitio web. Respecto de los contenidos de esta web, se proh\u00edbe:<br>-Su reproducci\u00f3n, distribuci\u00f3n o modificaci\u00f3n, total o parcial, a menos que se cuente con nuestra autorizaci\u00f3n como leg\u00edtimo titular;<br>-Cualquier vulneraci\u00f3n de los derechos del prestador.<br>-Su utilizaci\u00f3n para fines comerciales o publicitarios.<br>En la utilizaci\u00f3n de la web, el usuario se compromete a no llevar a cabo ninguna conducta que pudiera da\u00f1ar la imagen, los intereses y los derechos de GRUPO PAG\u00c8S BCN, o de terceros o que pudiera da\u00f1ar, inutilizar o sobrecargar el portal o que impidiera, de cualquier forma, la normal utilizaci\u00f3n de la web.<br>No obstante, el usuario debe ser consciente de que las medidas de seguridad de los sistemas inform\u00e1ticos en Internet no son enteramente fiables y que, por tanto GRUPO PAG\u00c8S BCN, no puede garantizar la inexistencia de malware u otros elementos que puedan producir alteraciones en los sistemas inform\u00e1ticos del usuario o en sus documentos electr\u00f3nicos y ficheros contenidos en los mismos.<\/p>\n\n\n\n<p><strong>DERECHOS DE PROPIEDAD INTELECTUAL E INDUSTRIAL<\/strong><br>En virtud de lo dispuesto en los art\u00edculos 8 y 32.1, p\u00e1rrafo segundo, de la Ley de Propiedad Intelectual, quedan expresamente prohibidas la reproducci\u00f3n, la distribuci\u00f3n y la comunicaci\u00f3n p\u00fablica, incluida su modalidad de puesta a disposici\u00f3n, de la totalidad o parte de los contenidos de esta p\u00e1gina web, con fines comerciales, en cualquier soporte y por cualquier medio t\u00e9cnico, sin la autorizaci\u00f3n de la responsable de la web. El usuario se compromete a respetar los derechos de Propiedad Intelectual e Industrial titularidad de GRUPO PAG\u00c8S BCN.<br>El usuario conoce y acepta que la totalidad del sitio web, conteniendo sin car\u00e1cter exhaustivo el texto, software, contenidos (incluyendo estructura, selecci\u00f3n, ordenaci\u00f3n y presentaci\u00f3n de los mismos) podcast, fotograf\u00edas, material audiovisual y gr\u00e1ficos, est\u00e1 protegida por marcas, derechos de autor y otros derechos leg\u00edtimos, de acuerdo con los tratados internacionales en los que Espa\u00f1a es parte y otros derechos de propiedad y leyes de Espa\u00f1a.<\/p>\n\n\n\n<p><strong>MEDIDAS DE SEGURIDAD<\/strong><br>Los datos personales comunicados por el usuario a la web o enviados a trav\u00e9s de correos electr\u00f3nicos, pueden ser almacenados en bases de datos automatizadas o no, cuya titularidad pertenece en exclusiva a GRUPO PAG\u00c8S BCN, asumiendo \u00e9sta todas las medidas de \u00edndole t\u00e9cnica, organizativa y de seguridad que garantizan la confidencialidad, integridad y calidad de la informaci\u00f3n contenida en las mismas de acuerdo con lo establecido en la normativa vigente en protecci\u00f3n de datos.<br>La comunicaci\u00f3n entre los usuarios y la responsable, utiliza un canal seguro, y los datos transmitidos son cifrados gracias a protocolos a https, por tanto, se garantiza las mejores condiciones de seguridad para que la confidencialidad de los usuarios est\u00e9 asegurada.<\/p>\n\n\n\n<p><strong>POL\u00cdTICA DE COMENTARIOS<br><\/strong>En la presente web se permiten realizar consultas. No se admitir\u00e1n comentarios que no est\u00e9n relacionados con la tem\u00e1tica de esta web, que incluyan difamaciones, agravios, insultos, ataques personales o faltas de respeto en general hacia el autor o hacia otros miembros. Estos comentarios ser\u00e1n suprimidos por los administradores de la web.<br>Tambi\u00e9n ser\u00e1n suprimidos los comentarios que contengan informaci\u00f3n que sea obviamente enga\u00f1osa o falsa, as\u00ed como los comentarios que contengan informaci\u00f3n personal, como, por ejemplo, domicilios privado o tel\u00e9fonos y que vulneren nuestra pol\u00edtica de protecci\u00f3n de datos.<\/p>\n\n\n\n<p><strong>EXCLUSI\u00d3N DE GARANT\u00cdAS<\/strong><br>La responsable de la web, no otorga ninguna garant\u00eda ni se hace responsable, en ning\u00fan caso, de los da\u00f1os y perjuicios de cualquier naturaleza que pudieran traer causa de:<br>-La falta de disponibilidad, mantenimiento y efectivo funcionamiento de la web, o de sus servicios y contenidos;<br>-La existencia de malware, programas maliciosos o lesivos en los contenidos;<br>-El uso il\u00edcito, negligente, fraudulento o contrario a este Aviso Legal;<br>-La falta de licitud, calidad, fiabilidad, utilidad y disponibilidad de los servicios prestados por terceros y puestos a disposici\u00f3n de los usuarios en el sitio web.<br>-El prestador no se hace responsable bajo ning\u00fan concepto de los da\u00f1os que pudieran dimanar del uso ilegal o indebido de la presente p\u00e1gina web.<\/p>\n\n\n\n<p><strong>LEY APLICABLE Y JURISDICCI\u00d3N<br><\/strong>Las relaciones entre GRUPO PAG\u00c8S BCN, con los usuarios de sus productos y servicios, presentes en esta web se encuentran sometidas a la legislaci\u00f3n y jurisdicci\u00f3n espa\u00f1olas y a los tribunales de Barcelona.<br>CONTACTO<br>Para el caso en que un usuario de la web tuviese alguna duda sobre las Condiciones Legales o quisiera realizar cualquier comentario sobre la web, por favor env\u00eden un correo electr\u00f3nico a&nbsp;<a href=\"mailto:info@grupo-pages.com\">info@grupo-pages.com<\/a><\/p>\n\t\t\t\t\t\t\t\t<\/div>\n\t\t\t\t<\/div>\n\t\t\t\t\t<\/div>\n\t\t<\/div>\n\t\t\t\t\t<\/div>\n\t\t<\/section>\n\t\t\t\t<\/div>\n\t\t","protected":false},"excerpt":{"rendered":"<p>Mi bienvenida a este espacio web, aqu\u00ed podr\u00e1 encontrar toda la informaci\u00f3n relacionada con los t\u00e9rminos y condiciones legales que definen las relaciones entre los usuarios y la responsable de la web. Como usuario, es importante que conozca estos t\u00e9rminos antes de continuar con la navegaci\u00f3n. -Identidad de la Responsable: Pag\u00e8s Edificaci\u00f3 i Obra P\u00fablica, [&hellip;]<\/p>\n","protected":false},"author":1,"featured_media":0,"parent":0,"menu_order":41,"comment_status":"closed","ping_status":"closed","template":"elementor_header_footer","meta":{"footnotes":""},"class_list":["post-9522","page","type-page","status-publish","hentry"],"yoast_head":"<!-- This site is optimized with the Yoast SEO Premium plugin v26.0 (Yoast SEO v26.0) - https:\/\/yoast.com\/wordpress\/plugins\/seo\/ -->\n<title>Aviso Legal - GRUPO PAG\u00c8S BCN<\/title>\n<meta name=\"robots\" content=\"index, follow, max-snippet:-1, max-image-preview:large, max-video-preview:-1\" \/>\n<link rel=\"canonical\" href=\"https:\/\/grupo-pages.com\/aviso-legal\/\" \/>\n<meta property=\"og:locale\" content=\"en_US\" \/>\n<meta property=\"og:type\" content=\"article\" \/>\n<meta property=\"og:title\" content=\"Aviso Legal\" \/>\n<meta property=\"og:description\" content=\"Mi bienvenida a este espacio web, aqu\u00ed podr\u00e1 encontrar toda la informaci\u00f3n relacionada con los t\u00e9rminos y condiciones legales que definen las relaciones entre los usuarios y la responsable de la web. Como usuario, es importante que conozca estos t\u00e9rminos antes de continuar con la navegaci\u00f3n. -Identidad de la Responsable: Pag\u00e8s Edificaci\u00f3 i Obra P\u00fablica, [&hellip;]\" \/>\n<meta property=\"og:url\" content=\"https:\/\/grupo-pages.com\/aviso-legal\/\" \/>\n<meta property=\"og:site_name\" content=\"GRUPO PAG\u00c8S BCN\" \/>\n<meta property=\"article:publisher\" content=\"https:\/\/www.facebook.com\/grupopagesbcn\/\" \/>\n<meta property=\"article:modified_time\" content=\"2022-08-11T14:08:41+00:00\" \/>\n<meta name=\"twitter:card\" content=\"summary_large_image\" \/>\n<meta name=\"twitter:site\" content=\"@grupopagesbcn\" \/>\n<meta name=\"twitter:label1\" content=\"Est. reading time\" \/>\n\t<meta name=\"twitter:data1\" content=\"6 minutes\" \/>\n<script type=\"application\/ld+json\" class=\"yoast-schema-graph\">{\"@context\":\"https:\/\/schema.org\",\"@graph\":[{\"@type\":\"WebPage\",\"@id\":\"https:\/\/grupo-pages.com\/aviso-legal\/\",\"url\":\"https:\/\/grupo-pages.com\/aviso-legal\/\",\"name\":\"Aviso Legal - GRUPO PAG\u00c8S BCN\",\"isPartOf\":{\"@id\":\"https:\/\/grupo-pages.com\/#website\"},\"datePublished\":\"2020-09-29T11:38:52+00:00\",\"dateModified\":\"2022-08-11T14:08:41+00:00\",\"breadcrumb\":{\"@id\":\"https:\/\/grupo-pages.com\/aviso-legal\/#breadcrumb\"},\"inLanguage\":\"en-US\",\"potentialAction\":[{\"@type\":\"ReadAction\",\"target\":[\"https:\/\/grupo-pages.com\/aviso-legal\/\"]}]},{\"@type\":\"BreadcrumbList\",\"@id\":\"https:\/\/grupo-pages.com\/aviso-legal\/#breadcrumb\",\"itemListElement\":[{\"@type\":\"ListItem\",\"position\":1,\"name\":\"Portada\",\"item\":\"https:\/\/grupo-pages.com\/en\/home\/\"},{\"@type\":\"ListItem\",\"position\":2,\"name\":\"Aviso Legal\"}]},{\"@type\":\"WebSite\",\"@id\":\"https:\/\/grupo-pages.com\/#website\",\"url\":\"https:\/\/grupo-pages.com\/\",\"name\":\"GRUPO PAG\u00c8S BCN\",\"description\":\"Visualiza tus sue\u00f1os\",\"publisher\":{\"@id\":\"https:\/\/grupo-pages.com\/#organization\"},\"potentialAction\":[{\"@type\":\"SearchAction\",\"target\":{\"@type\":\"EntryPoint\",\"urlTemplate\":\"https:\/\/grupo-pages.com\/?s={search_term_string}\"},\"query-input\":{\"@type\":\"PropertyValueSpecification\",\"valueRequired\":true,\"valueName\":\"search_term_string\"}}],\"inLanguage\":\"en-US\"},{\"@type\":\"Organization\",\"@id\":\"https:\/\/grupo-pages.com\/#organization\",\"name\":\"GRUPO PAG\u00c8S BCN\",\"url\":\"https:\/\/grupo-pages.com\/\",\"logo\":{\"@type\":\"ImageObject\",\"inLanguage\":\"en-US\",\"@id\":\"https:\/\/grupo-pages.com\/#\/schema\/logo\/image\/\",\"url\":\"https:\/\/grupo-pages.com\/wp-content\/uploads\/2022\/03\/grupopages-logo-2025.gif\",\"contentUrl\":\"https:\/\/grupo-pages.com\/wp-content\/uploads\/2022\/03\/grupopages-logo-2025.gif\",\"width\":800,\"height\":117,\"caption\":\"GRUPO PAG\u00c8S BCN\"},\"image\":{\"@id\":\"https:\/\/grupo-pages.com\/#\/schema\/logo\/image\/\"},\"sameAs\":[\"https:\/\/www.facebook.com\/grupopagesbcn\/\",\"https:\/\/x.com\/grupopagesbcn\",\"https:\/\/www.instagram.com\/grupopagesbcn\/\",\"https:\/\/www.linkedin.com\/company\/grupo-pages\/\",\"https:\/\/www.youtube.com\/channel\/UC7Aho9_GJDNZci4FafvNSEg\"]}]}<\/script>\n<!-- \/ Yoast SEO Premium plugin. -->","yoast_head_json":{"title":"Aviso Legal - GRUPO PAG\u00c8S BCN","robots":{"index":"index","follow":"follow","max-snippet":"max-snippet:-1","max-image-preview":"max-image-preview:large","max-video-preview":"max-video-preview:-1"},"canonical":"https:\/\/grupo-pages.com\/aviso-legal\/","og_locale":"en_US","og_type":"article","og_title":"Aviso Legal","og_description":"Mi bienvenida a este espacio web, aqu\u00ed podr\u00e1 encontrar toda la informaci\u00f3n relacionada con los t\u00e9rminos y condiciones legales que definen las relaciones entre los usuarios y la responsable de la web. Como usuario, es importante que conozca estos t\u00e9rminos antes de continuar con la navegaci\u00f3n. -Identidad de la Responsable: Pag\u00e8s Edificaci\u00f3 i Obra P\u00fablica, [&hellip;]","og_url":"https:\/\/grupo-pages.com\/aviso-legal\/","og_site_name":"GRUPO PAG\u00c8S BCN","article_publisher":"https:\/\/www.facebook.com\/grupopagesbcn\/","article_modified_time":"2022-08-11T14:08:41+00:00","twitter_card":"summary_large_image","twitter_site":"@grupopagesbcn","twitter_misc":{"Est. reading time":"6 minutes"},"schema":{"@context":"https:\/\/schema.org","@graph":[{"@type":"WebPage","@id":"https:\/\/grupo-pages.com\/aviso-legal\/","url":"https:\/\/grupo-pages.com\/aviso-legal\/","name":"Aviso Legal - GRUPO PAG\u00c8S BCN","isPartOf":{"@id":"https:\/\/grupo-pages.com\/#website"},"datePublished":"2020-09-29T11:38:52+00:00","dateModified":"2022-08-11T14:08:41+00:00","breadcrumb":{"@id":"https:\/\/grupo-pages.com\/aviso-legal\/#breadcrumb"},"inLanguage":"en-US","potentialAction":[{"@type":"ReadAction","target":["https:\/\/grupo-pages.com\/aviso-legal\/"]}]},{"@type":"BreadcrumbList","@id":"https:\/\/grupo-pages.com\/aviso-legal\/#breadcrumb","itemListElement":[{"@type":"ListItem","position":1,"name":"Portada","item":"https:\/\/grupo-pages.com\/en\/home\/"},{"@type":"ListItem","position":2,"name":"Aviso Legal"}]},{"@type":"WebSite","@id":"https:\/\/grupo-pages.com\/#website","url":"https:\/\/grupo-pages.com\/","name":"GRUPO PAG\u00c8S BCN","description":"Visualiza tus sue\u00f1os","publisher":{"@id":"https:\/\/grupo-pages.com\/#organization"},"potentialAction":[{"@type":"SearchAction","target":{"@type":"EntryPoint","urlTemplate":"https:\/\/grupo-pages.com\/?s={search_term_string}"},"query-input":{"@type":"PropertyValueSpecification","valueRequired":true,"valueName":"search_term_string"}}],"inLanguage":"en-US"},{"@type":"Organization","@id":"https:\/\/grupo-pages.com\/#organization","name":"GRUPO PAG\u00c8S BCN","url":"https:\/\/grupo-pages.com\/","logo":{"@type":"ImageObject","inLanguage":"en-US","@id":"https:\/\/grupo-pages.com\/#\/schema\/logo\/image\/","url":"https:\/\/grupo-pages.com\/wp-content\/uploads\/2022\/03\/grupopages-logo-2025.gif","contentUrl":"https:\/\/grupo-pages.com\/wp-content\/uploads\/2022\/03\/grupopages-logo-2025.gif","width":800,"height":117,"caption":"GRUPO PAG\u00c8S BCN"},"image":{"@id":"https:\/\/grupo-pages.com\/#\/schema\/logo\/image\/"},"sameAs":["https:\/\/www.facebook.com\/grupopagesbcn\/","https:\/\/x.com\/grupopagesbcn","https:\/\/www.instagram.com\/grupopagesbcn\/","https:\/\/www.linkedin.com\/company\/grupo-pages\/","https:\/\/www.youtube.com\/channel\/UC7Aho9_GJDNZci4FafvNSEg"]}]}},"_links":{"self":[{"href":"https:\/\/grupo-pages.com\/en\/wp-json\/wp\/v2\/pages\/9522","targetHints":{"allow":["GET"]}}],"collection":[{"href":"https:\/\/grupo-pages.com\/en\/wp-json\/wp\/v2\/pages"}],"about":[{"href":"https:\/\/grupo-pages.com\/en\/wp-json\/wp\/v2\/types\/page"}],"author":[{"embeddable":true,"href":"https:\/\/grupo-pages.com\/en\/wp-json\/wp\/v2\/users\/1"}],"replies":[{"embeddable":true,"href":"https:\/\/grupo-pages.com\/en\/wp-json\/wp\/v2\/comments?post=9522"}],"version-history":[{"count":4,"href":"https:\/\/grupo-pages.com\/en\/wp-json\/wp\/v2\/pages\/9522\/revisions"}],"predecessor-version":[{"id":18762,"href":"https:\/\/grupo-pages.com\/en\/wp-json\/wp\/v2\/pages\/9522\/revisions\/18762"}],"wp:attachment":[{"href":"https:\/\/grupo-pages.com\/en\/wp-json\/wp\/v2\/media?parent=9522"}],"curies":[{"name":"wp","href":"https:\/\/api.w.org\/{rel}","templated":true}]}}